{"id":457,"date":"2019-07-05T11:50:01","date_gmt":"2019-07-05T09:50:01","guid":{"rendered":"http:\/\/www.oktrykk.no\/?page_id=457"},"modified":"2021-12-02T10:35:28","modified_gmt":"2021-12-02T08:35:28","slug":"http-www-oktrykk-no","status":"publish","type":"page","link":"https:\/\/www.oktrykk.no\/","title":{"rendered":"Forsiden"},"content":{"rendered":"<style type=\"text\/css\">.easingslider-379 { max-width: 910px; }.easingslider-379 .easingslider-image { max-height: 367px; max-width: 910px; }.easingslider-379 .easingslider-fade-in, .easingslider-fade-out { -webkit-animation-duration: 1200ms; -moz-animation-duration: 1200ms; animation-duration: 1200ms; }<\/style><script type=\"text\/javascript\">window.EasingSlider379 = {\"width\":910,\"height\":367,\"singleItem\":true,\"items\":1,\"itemsDesktop\":false,\"itemsDesktopSmall\":false,\"itemsTablet\":false,\"itemsTabletSmall\":false,\"itemsMobile\":false,\"responsive\":true,\"lazyLoad\":true,\"autoPlay\":8000,\"slideSpeed\":1200,\"navigation\":true,\"navigationText\":[\"\",\"\"],\"pagination\":true,\"autoHeight\":false,\"mouseDrag\":false,\"touchDrag\":false,\"addClassActive\":true,\"transitionStyle\":false};<\/script><div data-id=\"379\" class=\"easingslider easingslider-379 easingslider-container easingslider-resizing-enabled easingslider-aspect-ratio easingslider-arrows-inside easingslider-pagination-inside easingslider-pagination-bottom-center\"><div class=\"easingslider-slide\"><img src=\"https:\/\/www.oktrykk.no\/wp-content\/plugins\/easing-slider\/assets\/images\/placeholder-pixel.png\" data-src=\"https:\/\/www.oktrykk.no\/wp-content\/uploads\/2019\/07\/gammelt1-910x367.jpg\" alt=\"\" title=\"\" class=\"easingslider-image easingslider-lazy\" \/><\/div><div class=\"easingslider-slide\"><img src=\"https:\/\/www.oktrykk.no\/wp-content\/plugins\/easing-slider\/assets\/images\/placeholder-pixel.png\" data-src=\"https:\/\/www.oktrykk.no\/wp-content\/uploads\/2019\/07\/bly-910x367.jpg\" alt=\"\" title=\"\" class=\"easingslider-image easingslider-lazy\" \/><\/div><div class=\"easingslider-slide\"><img src=\"https:\/\/www.oktrykk.no\/wp-content\/plugins\/easing-slider\/assets\/images\/placeholder-pixel.png\" data-src=\"https:\/\/www.oktrykk.no\/wp-content\/uploads\/2019\/07\/maskiner-910x367.jpg\" alt=\"\" title=\"\" class=\"easingslider-image easingslider-lazy\" \/><\/div><div class=\"easingslider-slide\"><img src=\"https:\/\/www.oktrykk.no\/wp-content\/plugins\/easing-slider\/assets\/images\/placeholder-pixel.png\" data-src=\"https:\/\/www.oktrykk.no\/wp-content\/uploads\/2019\/07\/kart2-910x367.jpg\" alt=\"\" title=\"\" class=\"easingslider-image easingslider-lazy\" \/><\/div><\/div>\n\n\n\n<p><\/p>\n\n\n\n<p><\/p>\n\n\n\n<p><\/p>\n\n\n\n<p>Fra design til ferdig produkt.<\/p>\n\n\n\n<p>OK-Trykk er en tradisjonsrik, men samtidig moderne bedrift med solid erfaring innenfor trykkeribransjen. Vi regner oss som totalleverand\u00f8r av trykksaker, fra design til ferdig produkt. V\u00e5rt utstyr egner seg s\u00e6rdeles godt til produksjon av konvolutter i alle kvaliteter og opplag, brevark, foldere, brosjyrer og plakater osv. Vi har egen plotter i stort format. V\u00e5re Xerox-maskiner s\u00f8rger for at vi er en god leverand\u00f8r av digitaltrykk- og kopitjenester. Bedriften har i en \u00e5rrekke produsert orienteringskart til store og mindre l\u00f8p over hele landet. Hos oss f\u00e5r du god service til konkurransedyktige priser.<\/p>\n\n\n\n<p><\/p>\n","protected":false},"excerpt":{"rendered":"<p>Fra design til ferdig produkt. OK-Trykk er en tradisjonsrik, men samtidig moderne bedrift med solid erfaring innenfor trykkeribransjen. Vi regner oss som totalleverand\u00f8r av trykksaker, fra design til ferdig produkt. V\u00e5rt utstyr egner seg s\u00e6rdeles godt til produksjon av konvolutter i alle kvaliteter og opplag, brevark, foldere, brosjyrer og plakater osv. Vi har egen plotter &hellip; <\/p>\n<p class=\"link-more\"><a href=\"https:\/\/www.oktrykk.no\/\" class=\"more-link\">Continue reading<span class=\"screen-reader-text\"> &#8220;Forsiden&#8221;<\/span><\/a><\/p>\n","protected":false},"author":1,"featured_media":0,"parent":0,"menu_order":1,"comment_status":"closed","ping_status":"closed","template":"","meta":[],"_links":{"self":[{"href":"https:\/\/www.oktrykk.no\/index.php?rest_route=\/wp\/v2\/pages\/457"}],"collection":[{"href":"https:\/\/www.oktrykk.no\/index.php?rest_route=\/wp\/v2\/pages"}],"about":[{"href":"https:\/\/www.oktrykk.no\/index.php?rest_route=\/wp\/v2\/types\/page"}],"author":[{"embeddable":true,"href":"https:\/\/www.oktrykk.no\/index.php?rest_route=\/wp\/v2\/users\/1"}],"replies":[{"embeddable":true,"href":"https:\/\/www.oktrykk.no\/index.php?rest_route=%2Fwp%2Fv2%2Fcomments&post=457"}],"version-history":[{"count":18,"href":"https:\/\/www.oktrykk.no\/index.php?rest_route=\/wp\/v2\/pages\/457\/revisions"}],"predecessor-version":[{"id":655,"href":"https:\/\/www.oktrykk.no\/index.php?rest_route=\/wp\/v2\/pages\/457\/revisions\/655"}],"wp:attachment":[{"href":"https:\/\/www.oktrykk.no\/index.php?rest_route=%2Fwp%2Fv2%2Fmedia&parent=457"}],"curies":[{"name":"wp","href":"https:\/\/api.w.org\/{rel}","templated":true}]}}