{"id":2,"date":"2011-08-30T08:05:11","date_gmt":"2011-08-30T06:05:11","guid":{"rendered":"http:\/\/www.oktrykk.no\/?page_id=2"},"modified":"2023-02-06T14:19:59","modified_gmt":"2023-02-06T12:19:59","slug":"bedriften","status":"publish","type":"page","link":"https:\/\/www.oktrykk.no\/?page_id=2","title":{"rendered":"Bedriften"},"content":{"rendered":"<h3>Historien<\/h3>\n<p>I 1946 etablerte Arne Kristoffersen trykkeri i Liljegaten 4 i Halden. 2937 var telefonnummeret den gang. Den 1. Oktober 1949 opptok Arne Kristoffersen faktor William Ohlgren som kompanjong og firmaet skiftet samtidig navn fra ARNE KRISTOFFERSEN TRYKKERI til OHLGREN &amp; KRISTOFFERSEN TRYKKERI under merket O&#8217;K- Trykk. De startet samtidig Gratulasjonsbyr\u00e5et O&#8217;K med et stort utvalg av blanketter. Tidlig p\u00e5 50-tallet ble Gunnar Bergstr\u00f8m ansatt, og dr\u00f8yt tjue \u00e5r senere overtok han firmaet. I 1994 ble aksjeselskapet OK-Trykk AS stiftet og eies per i dag av Aage Kjelbergnes.<\/p>\n<h3>Bedriften<\/h3>\n<p>OK-Trykk er i dag en liten bedrift med bred erfaring fra trykkeribransjen. Vi holder til sentralt i Halden og har en moderne utstyrspark. Til enhver tid er vi oppdatert p\u00e5 utstyr for offset, plotting, digitalprint, limfres og ferdiggj\u00f8ring. Vi har blant annet samlestifter for hefteproduksjon, t\u00e5rn for blanding av selvkopierende sett og Heidelberg Speedmaster trykkmaskiner. Virksomheten har gjennom \u00e5rene tilpasset seg et moderne marked.<\/p>\n","protected":false},"excerpt":{"rendered":"<p>Historien I 1946 etablerte Arne Kristoffersen trykkeri i Liljegaten 4 i Halden. 2937 var telefonnummeret den gang. Den 1. Oktober 1949 opptok Arne Kristoffersen faktor William Ohlgren som kompanjong og firmaet skiftet samtidig navn fra ARNE KRISTOFFERSEN TRYKKERI til OHLGREN &amp; KRISTOFFERSEN TRYKKERI under merket O&#8217;K- Trykk. De startet samtidig Gratulasjonsbyr\u00e5et O&#8217;K med et stort &hellip; <\/p>\n<p class=\"link-more\"><a href=\"https:\/\/www.oktrykk.no\/?page_id=2\" class=\"more-link\">Continue reading<span class=\"screen-reader-text\"> &#8220;Bedriften&#8221;<\/span><\/a><\/p>\n","protected":false},"author":1,"featured_media":0,"parent":0,"menu_order":0,"comment_status":"closed","ping_status":"closed","template":"","meta":[],"_links":{"self":[{"href":"https:\/\/www.oktrykk.no\/index.php?rest_route=\/wp\/v2\/pages\/2"}],"collection":[{"href":"https:\/\/www.oktrykk.no\/index.php?rest_route=\/wp\/v2\/pages"}],"about":[{"href":"https:\/\/www.oktrykk.no\/index.php?rest_route=\/wp\/v2\/types\/page"}],"author":[{"embeddable":true,"href":"https:\/\/www.oktrykk.no\/index.php?rest_route=\/wp\/v2\/users\/1"}],"replies":[{"embeddable":true,"href":"https:\/\/www.oktrykk.no\/index.php?rest_route=%2Fwp%2Fv2%2Fcomments&post=2"}],"version-history":[{"count":50,"href":"https:\/\/www.oktrykk.no\/index.php?rest_route=\/wp\/v2\/pages\/2\/revisions"}],"predecessor-version":[{"id":659,"href":"https:\/\/www.oktrykk.no\/index.php?rest_route=\/wp\/v2\/pages\/2\/revisions\/659"}],"wp:attachment":[{"href":"https:\/\/www.oktrykk.no\/index.php?rest_route=%2Fwp%2Fv2%2Fmedia&parent=2"}],"curies":[{"name":"wp","href":"https:\/\/api.w.org\/{rel}","templated":true}]}}