{"id":13,"date":"2011-08-30T10:24:08","date_gmt":"2011-08-30T08:24:08","guid":{"rendered":"http:\/\/www.oktrykk.no\/?page_id=13"},"modified":"2019-07-06T17:33:33","modified_gmt":"2019-07-06T15:33:33","slug":"referanser","status":"publish","type":"page","link":"https:\/\/www.oktrykk.no\/?page_id=13","title":{"rendered":"Referanser"},"content":{"rendered":"<h3>Varierte oppdrag<\/h3>\n<p>OK-trykk utf\u00f8rer oppdrag for privat n\u00e6ringsliv og det offentlige. Ogs\u00e5 privatpersoner bruker v\u00e5re tjenester. Av oppdragsgivere kan nevnes de lokale sparebankene, H\u00f8gskolen i \u00d8stfold, Fresenius Kabi og Nexans Norway, Leif Grimsrud AS, Norske Skog. Flere kunne v\u00e6rt nevnt. Men hovedmengden av v\u00e5re oppdrag kommer fra en mengde sm\u00e5 og mellomstore bedrifter og organisasjoner i Halden og i \u00d8stfold for \u00f8vrig.<\/p>\n<h3>Spesialiteter<\/h3>\n<p>Som f\u00f8lge av den store kompetansen innenfor orienteringsmilj\u00f8et i Halden, har vi i en \u00e5rrekke f\u00e5tt v\u00e6re med p\u00e5 \u00e5 utvikle kunnskap om produksjon av o-kart. Dette er en sv\u00e6rt kvalitetsbevisst kundegruppe. H\u00f8y kvalitet p\u00e5 trykk gj\u00f8r at vi har f\u00e5tt v\u00e6re leverand\u00f8r til store arrangement som \u201dBlodslitet\u201d, \u201dNorwegian Spring\u201d og \u201dSmaalenenel\u00f8pet\u201d \u2013 for \u00e5 nevne noen lokale. Vi leverer komplette pakkel\u00f8sninger med b\u00e5de kart- og l\u00f8ypetrykk. Vi har ogs\u00e5 levert kart til hele landet og til b\u00e5de NM og VM. <\/p>\n","protected":false},"excerpt":{"rendered":"<p>Varierte oppdrag OK-trykk utf\u00f8rer oppdrag for privat n\u00e6ringsliv og det offentlige. Ogs\u00e5 privatpersoner bruker v\u00e5re tjenester. Av oppdragsgivere kan nevnes de lokale sparebankene, H\u00f8gskolen i \u00d8stfold, Fresenius Kabi og Nexans Norway, Leif Grimsrud AS, Norske Skog. Flere kunne v\u00e6rt nevnt. Men hovedmengden av v\u00e5re oppdrag kommer fra en mengde sm\u00e5 og mellomstore bedrifter og organisasjoner &hellip; <\/p>\n<p class=\"link-more\"><a href=\"https:\/\/www.oktrykk.no\/?page_id=13\" class=\"more-link\">Continue reading<span class=\"screen-reader-text\"> &#8220;Referanser&#8221;<\/span><\/a><\/p>\n","protected":false},"author":1,"featured_media":0,"parent":0,"menu_order":0,"comment_status":"closed","ping_status":"closed","template":"","meta":[],"_links":{"self":[{"href":"https:\/\/www.oktrykk.no\/index.php?rest_route=\/wp\/v2\/pages\/13"}],"collection":[{"href":"https:\/\/www.oktrykk.no\/index.php?rest_route=\/wp\/v2\/pages"}],"about":[{"href":"https:\/\/www.oktrykk.no\/index.php?rest_route=\/wp\/v2\/types\/page"}],"author":[{"embeddable":true,"href":"https:\/\/www.oktrykk.no\/index.php?rest_route=\/wp\/v2\/users\/1"}],"replies":[{"embeddable":true,"href":"https:\/\/www.oktrykk.no\/index.php?rest_route=%2Fwp%2Fv2%2Fcomments&post=13"}],"version-history":[{"count":10,"href":"https:\/\/www.oktrykk.no\/index.php?rest_route=\/wp\/v2\/pages\/13\/revisions"}],"predecessor-version":[{"id":475,"href":"https:\/\/www.oktrykk.no\/index.php?rest_route=\/wp\/v2\/pages\/13\/revisions\/475"}],"wp:attachment":[{"href":"https:\/\/www.oktrykk.no\/index.php?rest_route=%2Fwp%2Fv2%2Fmedia&parent=13"}],"curies":[{"name":"wp","href":"https:\/\/api.w.org\/{rel}","templated":true}]}}